{"id":737,"date":"2019-01-09T13:36:11","date_gmt":"2019-01-09T12:36:11","guid":{"rendered":"http:\/\/www.bpath.eu\/?page_id=737"},"modified":"2023-11-30T17:09:28","modified_gmt":"2023-11-30T16:09:28","slug":"dossier-technique-dispositif","status":"publish","type":"page","link":"https:\/\/www.bpath.eu\/fr\/dossier-technique-dispositif\/","title":{"rendered":"R\u00e9alisations"},"content":{"rendered":"<div class=\"section-full-width section-dark-bg\" style=\"background-color:#999999;\"><div style=\"background-image:url(http:\/\/www.bpath.eu\/up\/2013\/12\/bandeaux1.jpg); opacity:0.5; filter: alpha(opacity=50);\" class=\"full-bg-image\" ><\/div><div class=\"section-boxed\" style=\"color:#ffffff;\"><h2 class=\"section-title\" style=\"color:#ffffff;\">R\u00e9alisations<\/h2><\/div><\/div>\n<h2 style=\"color:#be0a26;clear:none;\"><strong>R&#038;D <span style=\"color:#777777;\">\u2013 Dossier Technique<\/span><\/strong><\/h2>\n<p style=\"color:#777777;font-size:20px;\"><strong>Exemple de matrice de tra\u00e7abilit\u00e9 de conception<\/strong><\/p>\n<p><a href=\"http:\/\/www.bpath.eu\/up\/2019\/01\/matrice-tracabilite-conception-1.jpg\" rel=\"lightbox\" class=\"lightbox-image\"><img decoding=\"async\" src=\"http:\/\/www.bpath.eu\/up\/2019\/01\/matrice-tracabilite-conception-1.jpg\" alt=\"Exemple de matrice de tra\u00e7abilit\u00e9 de conception\" width=\"1500\" height=\"1004\" class=\"aligncenter size-full wp-image-841\" srcset=\"https:\/\/www.bpath.eu\/up\/2019\/01\/matrice-tracabilite-conception-1.jpg 1500w, https:\/\/www.bpath.eu\/up\/2019\/01\/matrice-tracabilite-conception-1-300x201.jpg 300w, https:\/\/www.bpath.eu\/up\/2019\/01\/matrice-tracabilite-conception-1-768x514.jpg 768w, https:\/\/www.bpath.eu\/up\/2019\/01\/matrice-tracabilite-conception-1-1024x685.jpg 1024w\" sizes=\"(max-width: 1500px) 100vw, 1500px\" \/><\/a><\/p>\n<p><img decoding=\"async\" src=\"http:\/\/www.bpath.eu\/up\/2019\/01\/rachis_lombaire-133x300.png\" alt=\"rachis lombaire\" width=\"133\" height=\"300\" class=\"alignright size-medium wp-image-753\" srcset=\"https:\/\/www.bpath.eu\/up\/2019\/01\/rachis_lombaire-133x300.png 133w, https:\/\/www.bpath.eu\/up\/2019\/01\/rachis_lombaire.png 315w\" sizes=\"(max-width: 133px) 100vw, 133px\" \/><\/p>\n<h2 style=\"color:#be0a26;clear:none;\"><strong>Rachis <span style=\"color:#777777;\">\u2013 Syst\u00e8me Innovant de Fixation Lombaire<\/span><\/strong><\/h2>\n<p style=\"color:#777777;font-size:20px;\"><strong>Mise en situation sur rachis lombaire repr\u00e9sentatif de la g\u00e9om\u00e9trie vert\u00e9brale<\/strong> <span style=\"font-size:15px;\">(mod\u00e8le issu de sujets r\u00e9els : licence Bpath \/ Institut de Biom\u00e9canique Humaine Georges Charpak, ENSAM, Paris 13)<\/span><\/p>\n<div style=\"clear:both;\"><\/div>\n<div class=\"cols-wrapper cols-2\">\n<div class=\"col\">\n<h2 style=\"color:#be0a26;clear:none;\"><strong>Hanche <span style=\"color:#777777;\">\u2013 \u00c9tude d\u2019un pr\u00e9henseur de cupule \u2018lisse\u2019<\/span><\/strong><\/h2>\n<p><img decoding=\"async\" src=\"http:\/\/www.bpath.eu\/up\/2019\/01\/prehenseur_cupule_prothese_hanche-300x171.jpg\" alt=\"pr\u00e9henseur cupule proth\u00e8se hanche\" width=\"300\" height=\"171\" class=\"aligncenter size-medium wp-image-770\" srcset=\"https:\/\/www.bpath.eu\/up\/2019\/01\/prehenseur_cupule_prothese_hanche-300x171.jpg 300w, https:\/\/www.bpath.eu\/up\/2019\/01\/prehenseur_cupule_prothese_hanche-1024x585.jpg 1024w, https:\/\/www.bpath.eu\/up\/2019\/01\/prehenseur_cupule_prothese_hanche.jpg 1261w\" sizes=\"(max-width: 300px) 100vw, 300px\" \/>\n<\/div>\n<div class=\"col nomargin\">\n<h2 style=\"color:#be0a26;clear:none;\"><strong>Genou <span style=\"color:#777777;\">\u2013 \u00c9tude d\u2019une fixation ligamentaire sur vis d\u2019interf\u00e9rence<\/span><\/strong><\/h2>\n<p><img decoding=\"async\" src=\"http:\/\/www.bpath.eu\/up\/2019\/01\/ligament_vis_interference-300x194.jpg\" alt=\"fixation ligamentaire\" width=\"300\" height=\"194\" class=\"aligncenter size-medium wp-image-769\" srcset=\"https:\/\/www.bpath.eu\/up\/2019\/01\/ligament_vis_interference-300x194.jpg 300w, https:\/\/www.bpath.eu\/up\/2019\/01\/ligament_vis_interference.jpg 733w\" sizes=\"(max-width: 300px) 100vw, 300px\" \/>\n<\/div>\n<\/div>\n<h2 style=\"color:#be0a26;clear:none;\"><strong>Rachis <span style=\"color:#777777;\">\u2013 Syst\u00e8me de Fixation Translaminaire des Facettes [TFFS]<\/span><\/strong><\/h2>\n<div class=\"cols-wrapper cols-3\">\n<div class=\"col\">\n<img decoding=\"async\" src=\"http:\/\/www.bpath.eu\/up\/2019\/01\/TFFS_vissage_translaminaire-300x238.png\" alt=\"TFFS vissage translaminaire\" width=\"300\" height=\"238\" class=\"aligncenter size-medium wp-image-760\" srcset=\"https:\/\/www.bpath.eu\/up\/2019\/01\/TFFS_vissage_translaminaire-300x238.png 300w, https:\/\/www.bpath.eu\/up\/2019\/01\/TFFS_vissage_translaminaire-1024x814.png 1024w, https:\/\/www.bpath.eu\/up\/2019\/01\/TFFS_vissage_translaminaire.png 1119w\" sizes=\"(max-width: 300px) 100vw, 300px\" \/>\n<\/div>\n<div class=\"col\">\n<img decoding=\"async\" src=\"http:\/\/www.bpath.eu\/up\/2019\/01\/TFFS_connecteur_translaminaire-300x238.png\" alt=\"TFFS connecteur translaminaire\" width=\"300\" height=\"238\" class=\"aligncenter size-medium wp-image-758\" srcset=\"https:\/\/www.bpath.eu\/up\/2019\/01\/TFFS_connecteur_translaminaire-300x238.png 300w, https:\/\/www.bpath.eu\/up\/2019\/01\/TFFS_connecteur_translaminaire-1024x814.png 1024w, https:\/\/www.bpath.eu\/up\/2019\/01\/TFFS_connecteur_translaminaire.png 1119w\" sizes=\"(max-width: 300px) 100vw, 300px\" \/>\n<\/div>\n<div class=\"col nomargin\">\n<img decoding=\"async\" src=\"http:\/\/www.bpath.eu\/up\/2019\/01\/TFFS_fixation_rachis_transfacet-300x238.png\" alt=\"TFFS fixation rachis transfacet\" width=\"300\" height=\"238\" class=\"aligncenter size-medium wp-image-759\" srcset=\"https:\/\/www.bpath.eu\/up\/2019\/01\/TFFS_fixation_rachis_transfacet-300x238.png 300w, https:\/\/www.bpath.eu\/up\/2019\/01\/TFFS_fixation_rachis_transfacet-1024x814.png 1024w, https:\/\/www.bpath.eu\/up\/2019\/01\/TFFS_fixation_rachis_transfacet.png 1119w\" sizes=\"(max-width: 300px) 100vw, 300px\" \/>\n<\/div>\n<p style=\"font-size:15px;text-align:center;\"><a target=\"_blank\" href=\"http:\/\/www.bpath.eu\/up\/2017\/10\/TFFS_Trans_Laminar_Facet_Midline_Spine.pdf\" rel=\"noopener noreferrer\">TFFS_Trans_Laminar_Facet_Fixation<\/a><\/p>\n<\/div>\n<p><img decoding=\"async\" src=\"http:\/\/www.bpath.eu\/up\/2019\/01\/prothese_genou-ceramique-300x228.png\" alt=\"proth\u00e8se de genou en c\u00e9ramique\" width=\"300\" height=\"228\" class=\"alignright size-medium wp-image-762\" srcset=\"https:\/\/www.bpath.eu\/up\/2019\/01\/prothese_genou-ceramique-300x228.png 300w, https:\/\/www.bpath.eu\/up\/2019\/01\/prothese_genou-ceramique-1024x778.png 1024w, https:\/\/www.bpath.eu\/up\/2019\/01\/prothese_genou-ceramique.png 1207w\" sizes=\"(max-width: 300px) 100vw, 300px\" \/><\/p>\n<h2 style=\"color:#be0a26;clear:none;\"><strong>Genou <span style=\"color:#777777;\">\u2013 D\u00e9finition d\u2019un Syst\u00e8me de proth\u00e8se de genou tout C\u00e9ramique<\/span><\/strong><\/h2>\n<div style=\"clear:both;\"><\/div>\n<h2 style=\"color:#be0a26;clear:none;\"><strong>Proc\u00e9d\u00e9s Sp\u00e9ciaux <span style=\"color:#777777;\">:<\/span><\/strong><\/h2>\n<div class=\"cols-wrapper cols-2\">\n<div class=\"col\">\n<p style=\"color:#777777;font-size:20px;\"><strong>-Validation proc\u00e9d\u00e9 de projection plasma rugueux Ti<\/strong><\/p>\n<p><img decoding=\"async\" src=\"http:\/\/www.bpath.eu\/up\/2019\/01\/plasma_ti-300x167.png\" alt=\"rpojection plasma ti\" width=\"300\" height=\"167\" class=\"aligncenter size-medium wp-image-764\" srcset=\"https:\/\/www.bpath.eu\/up\/2019\/01\/plasma_ti-300x167.png 300w, https:\/\/www.bpath.eu\/up\/2019\/01\/plasma_ti.png 762w\" sizes=\"(max-width: 300px) 100vw, 300px\" \/>\n<\/div>\n<div class=\"col nomargin\">\n<p style=\"color:#777777;font-size:20px;\"><strong>-D\u00e9finition d\u2019un protocole de validation de marquage laser<\/strong><\/p>\n<p><img decoding=\"async\" src=\"http:\/\/www.bpath.eu\/up\/2019\/01\/valid_laser_mark-300x205.png\" alt=\"validation marquage laser\" width=\"300\" height=\"205\" class=\"aligncenter size-medium wp-image-765\" srcset=\"https:\/\/www.bpath.eu\/up\/2019\/01\/valid_laser_mark-300x205.png 300w, https:\/\/www.bpath.eu\/up\/2019\/01\/valid_laser_mark.png 565w\" sizes=\"(max-width: 300px) 100vw, 300px\" \/>\n<\/div>\n<\/div>\n<h2 style=\"color:#be0a26;clear:none;\"><strong>Interim<\/strong><\/h2>\n<p style=\"color:#777777;font-size:20px;\"><strong>R\u00f4le de Directeur R&#038;D\/AR durant un cong\u00e9 maternit\u00e9<\/strong><\/p>\n","protected":false},"excerpt":{"rendered":"<p>R&#038;D \u2013 Dossier Technique Exemple de matrice de tra\u00e7abilit\u00e9 de conception Rachis \u2013 Syst\u00e8me Innovant de Fixation Lombaire Mise en [&hellip;]<\/p>\n","protected":false},"author":2,"featured_media":0,"parent":0,"menu_order":0,"comment_status":"closed","ping_status":"closed","template":"template-full-custom.php","meta":{"footnotes":""},"class_list":["post-737","page","type-page","status-publish","hentry"],"aioseo_notices":[],"_links":{"self":[{"href":"https:\/\/www.bpath.eu\/fr\/wp-json\/wp\/v2\/pages\/737","targetHints":{"allow":["GET"]}}],"collection":[{"href":"https:\/\/www.bpath.eu\/fr\/wp-json\/wp\/v2\/pages"}],"about":[{"href":"https:\/\/www.bpath.eu\/fr\/wp-json\/wp\/v2\/types\/page"}],"author":[{"embeddable":true,"href":"https:\/\/www.bpath.eu\/fr\/wp-json\/wp\/v2\/users\/2"}],"replies":[{"embeddable":true,"href":"https:\/\/www.bpath.eu\/fr\/wp-json\/wp\/v2\/comments?post=737"}],"version-history":[{"count":0,"href":"https:\/\/www.bpath.eu\/fr\/wp-json\/wp\/v2\/pages\/737\/revisions"}],"wp:attachment":[{"href":"https:\/\/www.bpath.eu\/fr\/wp-json\/wp\/v2\/media?parent=737"}],"curies":[{"name":"wp","href":"https:\/\/api.w.org\/{rel}","templated":true}]}}