{"id":490,"date":"2013-12-22T16:30:12","date_gmt":"2013-12-22T15:30:12","guid":{"rendered":"http:\/\/www.bpath.eu\/wp\/?page_id=490"},"modified":"2023-11-30T17:29:50","modified_gmt":"2023-11-30T16:29:50","slug":"mentions-legales","status":"publish","type":"page","link":"https:\/\/www.bpath.eu\/fr\/mentions-legales\/","title":{"rendered":"Mentions l\u00e9gales"},"content":{"rendered":"<h2><span style=\"color: #be0a26;\">Mentions l\u00e9gales<\/span><\/h2>\n<p>Vous \u00eates actuellement connect\u00e9 au Site http:\/\/www.bpath.eu<br \/>\nCe Site est \u00e9dit\u00e9 par Bpath SAS.<\/p>\n<p>&nbsp;<\/p>\n<p>Il est h\u00e9berg\u00e9 par\u00a0<a href=\"http:\/\/www.ovh.com\" target=\"_blank\" rel=\"noopener noreferrer\">OVH<\/a>, 2 rue Kellermann &#8211; BP &#8211; 59053 Roubaix Cedex 1 \u2013 France.<\/p>\n<p>La conception de ce Site a \u00e9t\u00e9 r\u00e9alis\u00e9e par\u00a0<a target=_\"blank\" href=\"http:\/\/spicedworks.fr\/\" rel=\"noopener noreferrer\">SpicedWorks<\/a>\u00a0avec la participation de Pl\u00ednio Ribeiro Jr\u00a0(ci-apr\u00e8s d\u00e9nomm\u00e9s Partenaires).<\/p>\n<p>Bpath est une Marque Communautaire enregistr\u00e9e le 14 F\u00e9vrier 2013 sous le N\u00b0 011\u00a0196 334.<\/p>\n<p>&nbsp;<\/p>\n<p><strong>D\u00e9nomination sociale :<\/strong>\u00a0BPATH<br \/>\nSoci\u00e9t\u00e9 par Actions Simplifi\u00e9e au capital de 10 000\u20ac<br \/>\nSIRET 788 624 476 00024 \u2013 RCS Paris<br \/>\nTVA 81 788624476<br \/>\nAPE 7112B<\/p>\n<p><strong>Si\u00e8ge social :<\/strong> 51, rue Piat \u2013 75020 Paris \u2013 \u00a0France<br \/>\n<strong>Pr\u00e9sident\u00a0:<\/strong> Richard Minfelde<\/p>\n<p>&nbsp;<\/p>\n<p><strong><span style=\"color: #be0a26;\">Acc\u00e8s au Site<br \/>\n<\/span><\/strong>L\u2019acc\u00e8s \u00e0 l\u2019url http:\/\/www.bpath.eu est gratuit. Les frais d\u2019acc\u00e8s et d\u2019utilisation du r\u00e9seau de t\u00e9l\u00e9communication sont \u00e0 la charge de tout utilisateur du Site.<\/p>\n<p>&nbsp;<\/p>\n<p><strong><span style=\"color: #be0a26;\">Absence de protection des donn\u00e9es<br \/>\n<\/span><\/strong>Il est rappel\u00e9 que le secret des correspondances n&#8217;est pas garanti sur le r\u00e9seau Internet et qu&#8217;il appartient \u00e0 chaque utilisateur de prendre toutes les mesures appropri\u00e9es de fa\u00e7on \u00e0 prot\u00e9ger ses donn\u00e9es et\/ou logiciels de la contamination d&#8217;\u00e9ventuels virus.<\/p>\n<p>&nbsp;<\/p>\n<p><strong><span style=\"color: #be0a26;\">Contenu du Site<\/span><\/strong><br \/>\nBpath s&#8217;efforce d&#8217;assurer l&#8217;exactitude des informations diffus\u00e9es sur ce Site et se r\u00e9serve le droit de modifier, \u00e0 tout moment et sans pr\u00e9avis, le contenu ou la pr\u00e9sentation de ce Site.<\/p>\n<p>Bpath ne peut en outre garantir l&#8217;exhaustivit\u00e9 ou l&#8217;absence de modification par un tiers.<\/p>\n<p>Bpath &amp; Partenaires d\u00e9cline toute responsabilit\u00e9 en cas d\u2019erreur ou d\u2019omission quant au contenu des pr\u00e9sentes pages de m\u00eame qu\u2019en cas d\u2019interruption ou d\u2019indisponibilit\u00e9 du service.<\/p>\n<p>\u00c0 ce titre la responsabilit\u00e9 de Bpath &amp; Partenaires ne saurait en aucun cas \u00eatre retenue lors de dommages indirects quels qu\u2019ils soient. Bpath &amp; Partenaires ne saurait \u00eatre tenu responsable des \u00e9l\u00e9ments en dehors de leur contr\u00f4le et des dommages qui pourraient \u00e9ventuellement \u00eatre subis par l\u2019environnement technique de tout utilisateur et notamment, ordinateurs, logiciels, \u00e9quipements r\u00e9seaux (modems, t\u00e9l\u00e9phones&#8230;) et tout mat\u00e9riel utilis\u00e9 pour acc\u00e9der \u00e0 ou utiliser le service et\/ou les informations.<\/p>\n<p>Bpath n&#8217;est pas responsable des liens hypertextes pointant vers le pr\u00e9sent Site et la cr\u00e9ation de liens hypertextes vers son url http:\/\/www.bpath.eu est soumis \u00e0 l\u2019accord expresse de Bpath.<\/p>\n<p>Sauf mention contraire, les d\u00e9nominations sociales, les logos, les produits, les marques et autres signes distinctifs cit\u00e9s dans ce Site sont la propri\u00e9t\u00e9 de Bpath. Ils ne peuvent \u00eatre utilis\u00e9s sans l&#8217;autorisation \u00e9crite pr\u00e9alable de Bpath.<\/p>\n<p><span style=\"color: #be0a26;\"><strong><br \/>\nProtection de la vie priv\u00e9e \u2013 Collecte et utilisation de donn\u00e9es personnelles<\/strong><\/span><br \/>\nConform\u00e9ment \u00e0 la loi modifi\u00e9e n\u00b0 78-17 du 6 janvier 1978 relative \u00e0 l&#8217;informatique, aux fichiers et aux libert\u00e9s, modifi\u00e9e, dite loi \u00ab Informatique et Libert\u00e9s \u00bb et au R\u00e8glement europ\u00e9en relatif \u00e0 la protection des donn\u00e9es personnelles [RGPD] n\u00b0 2016\/679 du Parlement Europ\u00e9en et du Conseil du 27 avril 2016, les Donn\u00e9es \u00e0 Caract\u00e8re Personnel [DCP] collect\u00e9es sur notre site font l\u2019objet de traitements par Bpath situ\u00e9e 51, rue Piat \u2013 75020 PARIS &#8211; France, responsable de leur traitement, ayant pour finalit\u00e9s principales la gestion d\u2019un fichier de prospects ou de clients sur la base de leur consentement.<\/p>\n<p>Les DCP sont destin\u00e9es \u00e0 Bpath, et ne sont pas communiqu\u00e9es \u00e0 des tiers \u00e0 l\u2019exception des tiers h\u00e9bergeant le site ou intervenant dans son contenu ou sa gestion. Elles ne font l\u2019objet d\u2019aucun transfert en dehors du territoire de l\u2019Union Europ\u00e9enne. <\/p>\n<p>Nous mettons en \u0153uvre les mesures de s\u00e9curit\u00e9 conformes \u00e0 l\u2019\u00e9tat de l\u2019art en vue d\u2019assurer la s\u00e9curit\u00e9, l\u2019int\u00e9grit\u00e9 et la confidentialit\u00e9 de vos DCP collect\u00e9es sur le site pendant la dur\u00e9e n\u00e9cessaire \u00e0 leur traitement, conform\u00e9ment au droit applicable.<\/p>\n<p>Conform\u00e9ment \u00e0 la r\u00e8glementation en vigueur, les DCP sont conserv\u00e9es par Bpath pendant la dur\u00e9e n\u00e9cessaire \u00e0 la r\u00e9alisation des finalit\u00e9s objet des Prestations, augment\u00e9e des d\u00e9lais de prescription l\u00e9gale en vigueur. <\/p>\n<p>Certaines DCP, signal\u00e9es par un ast\u00e9risque *, doivent \u00eatre fournies obligatoirement pour les finalit\u00e9s pr\u00e9cit\u00e9es. A d\u00e9faut de fourniture de ces DCP, vos demandes ne pourront pas \u00eatre prises en compte.<\/p>\n<p>Conform\u00e9ment \u00e0 la r\u00e8glementation en vigueur, vous disposez d\u2019un droit d\u2019information, d\u2019acc\u00e8s, de rectification et d\u2019opposition, ainsi que du droit de retirer votre consentement \u00e0 tout moment sans porter atteinte \u00e0 la lic\u00e9it\u00e9 du traitement effectu\u00e9 avant votre retrait, d\u2019un droit de portabilit\u00e9, d\u2019effacement et de limitation.<\/p>\n<p>Ces droits peuvent \u00eatre exerc\u00e9s aupr\u00e8s du\/de la D\u00e9l\u00e9gu\u00e9(e) \u00e0 la Protection des Donn\u00e9es [DPO : Data Protection Officer] \u00e0 l\u2019adresse postale suivante : 51, rue Piat &#8211; 75020 PARIS &#8211; France, ou par voie \u00e9lectronique : <a href=\"mailto:dpo@bpath.eu\" style=\"color:#777777;\">dpo@bpath.eu<\/a><\/p>\n<p>&nbsp;<\/p>\n<p><span style=\"color: #be0a26;\"><strong>Droit applicable<\/strong><\/span><br \/>\nLe contenu du Site est assujetti au droit applicable en France.<br \/>\nTout utilisateur reconna\u00eet que seuls sont comp\u00e9tents les tribunaux de Paris pour tout ce qui concerne le contenu et l\u2019utilisation du Site ou les recours en d\u00e9coulant.<\/p>\n","protected":false},"excerpt":{"rendered":"<p>Mentions l\u00e9gales Vous \u00eates actuellement connect\u00e9 au Site http:\/\/www.bpath.eu Ce Site est \u00e9dit\u00e9 par Bpath SAS. &nbsp; Il est h\u00e9berg\u00e9 [&hellip;]<\/p>\n","protected":false},"author":1,"featured_media":0,"parent":0,"menu_order":0,"comment_status":"closed","ping_status":"closed","template":"","meta":{"footnotes":""},"class_list":["post-490","page","type-page","status-publish","hentry"],"aioseo_notices":[],"_links":{"self":[{"href":"https:\/\/www.bpath.eu\/fr\/wp-json\/wp\/v2\/pages\/490","targetHints":{"allow":["GET"]}}],"collection":[{"href":"https:\/\/www.bpath.eu\/fr\/wp-json\/wp\/v2\/pages"}],"about":[{"href":"https:\/\/www.bpath.eu\/fr\/wp-json\/wp\/v2\/types\/page"}],"author":[{"embeddable":true,"href":"https:\/\/www.bpath.eu\/fr\/wp-json\/wp\/v2\/users\/1"}],"replies":[{"embeddable":true,"href":"https:\/\/www.bpath.eu\/fr\/wp-json\/wp\/v2\/comments?post=490"}],"version-history":[{"count":0,"href":"https:\/\/www.bpath.eu\/fr\/wp-json\/wp\/v2\/pages\/490\/revisions"}],"wp:attachment":[{"href":"https:\/\/www.bpath.eu\/fr\/wp-json\/wp\/v2\/media?parent=490"}],"curies":[{"name":"wp","href":"https:\/\/api.w.org\/{rel}","templated":true}]}}