{"id":423,"date":"2013-12-19T17:19:11","date_gmt":"2013-12-19T16:19:11","guid":{"rendered":"http:\/\/www.bpath.eu\/wp\/?page_id=423"},"modified":"2026-01-30T09:50:19","modified_gmt":"2026-01-30T08:50:19","slug":"societe","status":"publish","type":"page","link":"http:\/\/www.bpath.eu\/fr\/","title":{"rendered":"Soci\u00e9t\u00e9"},"content":{"rendered":"<div id=\"approache\" class=\"anchor\"><\/div>\n<h2 class=\"page-heading\" style=\"text-align: center;\"><span style=\"color: #be0a26;font-size: 25px;\">Approche Projets de Dispositifs M\u00e9dicaux<\/span><\/h2>\n<div class=\"services-wrapper services-icon cols-wrapper cols-3 pexeto-parallax\"><div class=\"services-box col\"><img decoding=\"async\" src=\"http:\/\/www.bpath.eu\/up\/2013\/09\/understand.png\" \/><div class=\"services-content\"><div class=\"sc-wraper\"><h3>Se comprendre mutuellement<\/h3><p>Les projets relatifs \u00e0 des  dispositifs m\u00e9dicaux impliquent de multiples comp\u00e9tences. L\u2019\u00e9tablissement de relations humaines fortes est clef \u00e0 chaque \u00e9tape d\u2019un projet.<\/p><\/div><\/div><\/div><div class=\"services-box col\"><img decoding=\"async\" src=\"http:\/\/www.bpath.eu\/up\/2019\/01\/anticiper.jpg\" \/><div class=\"services-content\"><div class=\"sc-wraper\"><h3>Anticiper<\/h3><p>Diff\u00e9rents facteurs pouvant influencer les r\u00e9sultats pr\u00e9vus doivent \u00eatre autant que faire se peut identifi\u00e9s, soit pour revoir les attentes, soit pour changer le plan initialement pr\u00e9vu.<\/p><\/div><\/div><\/div><div class=\"services-box col nomargin\"><img decoding=\"async\" src=\"http:\/\/www.bpath.eu\/up\/2019\/01\/agir-juste.jpg\" \/><div class=\"services-content\"><div class=\"sc-wraper\"><h3>Agir juste<\/h3><p>La pr\u00e9cision de l\u2019action, par son contenu et sa p\u00e9riode d\u2019ex\u00e9cution, le fait d\u2019\u00eatre d\u00e9di\u00e9 et enthousiaste durant la r\u00e9alisation, influencent grandement les r\u00e9sultats.<\/p><\/div><\/div><\/div><div class=\"clear\"><\/div><\/div>\n<div id=\"services\" class=\"anchor\"><\/div>\n<h2 class=\"page-heading\" style=\"text-align: center;\"><span style=\"color: #be0a26;font-size: 25px;\">Services<\/span><\/h2>\n<div class=\"services-wrapper cols-wrapper cols-2 services-list pexeto-parallax\"><div class=\"sl-wrapper\"><div class=\"col services-description\"><div class=\"sl-description\">\u00c9couter vos besoins & \u00e9valuer la valeur ajout\u00e9e que nous pouvons apporter \u00e0 vos projets constitue la premi\u00e8re \u00e9tape avant la mise en place d\u2019activit\u00e9s de conseil. Apr\u00e8s un premier contact, une proposition technique et financi\u00e8re sera \u00e9tablie incluant l\u2019approche, les \u00e9tapes, les obligations, les moyens, les responsabilit\u00e9s, les d\u00e9lais et les prix. L\u2019\u00e9tendue des services va d\u2019une simple recherche de concept, \u00e0 la gestion d\u2019un projet entier, l\u2019ensemble conduit en conformit\u00e9 avec le R\u00e8glement (UE) 2017\/745. <br \/><span style='color: #be0a26;font-weight:bold;'>Appelez-nous au +33 1 42 00 16 99<\/span><\/p>\n<p style='padding-top:10px;'>Membre de :<\/p>\n<div class='smalllogoshome'><a href='https:\/\/team-prrc.com\/' target='_blank' rel='noopener noreferrer'><img src='http:\/\/www.bpath.eu\/up\/2026\/01\/teamprrc.jpg' alt='Team-PRRC' width='143' height='85' class='alignnone size-full wp-image-1330' \/><\/a><a href='https:\/\/www.dm-experts.fr\/' target='_blank' rel='noopener noreferrer'><img src='http:\/\/www.bpath.eu\/up\/2026\/01\/dmexperts.jpg' alt='DMEXPERTS' width='93' height='80' class='alignnone size-full wp-image-1328' \/><\/a><a href='https:\/\/www.healthcareshapers.com\/fr\/services' target='_blank' rel='noopener noreferrer'><img src='http:\/\/www.bpath.eu\/up\/2026\/01\/healtcare-shapers.jpg' alt='Healthcare Shapers' width='143' height='66' class='alignnone size-full wp-image-1336' \/><\/a><\/div>\n<p style='padding-top:10px;'>50% de vos d\u00e9penses peuvent \u00eatre financ\u00e9es, <span style='color: #be0a26;font-weight:bold;'><a href='http:\/\/www.bpath.eu\/up\/2025\/12\/2601-Expert-DIAG-DM-Documentation-Technique-FR.pdf' style='color: #be0a26;'>en savoir plus<\/a><\/span><br \/><img src='http:\/\/www.bpath.eu\/up\/2024\/01\/logo-bpi-300x74.jpg' alt='Logo BPI France' width='300' height='74' class='size-medium wp-image-1166' \/><\/p>\n<p style='padding-top:10px;'>Les PME peuvent b\u00e9n\u00e9ficier d'un Cr\u00e9dit d'Imp\u00f4t Innovation (CII) de 20% des d\u00e9penses n\u00e9cessaires \u00e0 la conception de prototypes ou d'installations pilotes de produits nouveaux.<br \/><img src='http:\/\/www.bpath.eu\/up\/2025\/12\/cii-bpath-150x150.jpg' alt='CII Cr\u00e9dit d&#039;Imp\u00f4t Innovation' width='100' height='100' class='alignright size-thumbnail wp-image-1291' \/><\/p>\n<p><\/div><\/div><div class=\"col sl-icons\"><ul><li><span class=\"sl-icon\" style=\"background-image:url(http:\/\/www.bpath.eu\/up\/2015\/08\/ce-icon-55x55.png)\"><\/span><div class=\"sl-content\"><h3 class=\"sl-title\">Enregistrements Techniques et R\u00e9glementaires<\/h3><p>Exigences G\u00e9n\u00e9rales en mati\u00e8re de S\u00e9curit\u00e9 et de Performances [EGSP]<br \/>\nR\u00e9sum\u00e9 des caract\u00e9ristiques de S\u00e9curit\u00e9 et des Performances Cliniques<br \/>\nRapport P\u00e9riodique Actualis\u00e9 de S\u00e9curit\u00e9 [PSUR]<br \/>\nNotice d\u2019Utilisation [IFU]<\/p><\/div><\/li><li><span class=\"sl-icon\" style=\"background-image:url(http:\/\/www.bpath.eu\/up\/2023\/12\/diagnostic-tech-55x55.png)\"><\/span><div class=\"sl-content\"><h3 class=\"sl-title\">Diagnostic Documentation Technique<\/h3><p>Sur des sujets sp\u00e9cifiques<br \/>\nAu regard du r\u00e8glement (UE) 2017\/745<\/p><\/div><\/li><li><span class=\"sl-icon\" style=\"background-image:url(http:\/\/www.bpath.eu\/\/wp-content\/uploads\/2013\/12\/new-product-icon.png)\"><\/span><div class=\"sl-content\"><h3 class=\"sl-title\">R&amp;D \/ Documentation Technique<\/h3><p>Etude de Conception, Prototypes Faisabilit\u00e9<br>\nV\u00e9rification : protocoles de test et rapports<br>\nValidation de Conception et de Fabrication<br>\nGestion int\u00e9grale du d\u00e9veloppement, Tra\u00e7abilit\u00e9 de conception<\/p><\/div><\/li><li><span class=\"sl-icon\" style=\"background-image:url(http:\/\/www.bpath.eu\/up\/2023\/12\/risk-55x55.png)\"><\/span><div class=\"sl-content\"><h3 class=\"sl-title\">Gestion du Risque<\/h3><p>Proc\u00e9dure de gestion des Risques, plan, analyse et rapport<br>\nFormation Gestion des Risques \/ ISO 14971:2019<\/p><\/div><\/li><li><span class=\"sl-icon\" style=\"background-image:url(http:\/\/www.bpath.eu\/up\/2013\/09\/project-icon-55x55.png)\"><\/span><div class=\"sl-content\"><h3 class=\"sl-title\">Recherches bibliographiques et rapports<\/h3><p>Pour \u00e9tablissement d\u2019Etats de l\u2019Art et de Performance de Dispositifs<br \/>\nDans le cadre de Rapport d\u2019Evaluation Clinique [REC]<\/p><\/div><\/li><li><span class=\"sl-icon\" style=\"background-image:url(http:\/\/www.bpath.eu\/up\/2013\/12\/launch-icon-55x55.png)\"><\/span><div class=\"sl-content\"><h3 class=\"sl-title\">Activit\u00e9s post-lancement<\/h3><p>Gestion de Changement<br>\nTraitement des plaintes, Non-Conformit\u00e9s, CAPAs<\/p><\/div><\/li><li><span class=\"sl-icon\" style=\"background-image:url(http:\/\/www.bpath.eu\/up\/2013\/09\/team-icon-55x55.png)\"><\/span><div class=\"sl-content\"><h3 class=\"sl-title\">Ressource responsable en appui de votre organisation<\/h3><p>Gestion d\u2019\u00e9quipe par interim<br>\nPersonne Charg\u00e9e de Veiller au Respect de la R\u00e9glementation [PRRC]<\/p><\/div><\/li><\/ul><\/div><\/div><\/div>\n<div id=\"clients\" class=\"anchor\"><\/div>\n<div class=\"section-full-width section-dark parallax-fixed\" style=\"background-color:#494445;\"><div style=\"background-image:url(http:\/\/www.bpath.eu\/up\/2013\/12\/clients-bg.jpg); opacity:0.7; filter: alpha(opacity=70);\" class=\"full-bg-image\" ><\/div><div class=\"section-boxed\" style=\"color:#ffffff;\"><h2 class=\"section-title\" style=\"color:#ffffff;\">Nos clients sont des : Fabricants de Dispositifs M\u00e9dicaux, Chirurgiens, Propri\u00e9taires de Nouvelles Id\u00e9es, Investisseurs<\/h2><\/p>\n<p style=\"text-align: left;\"><\/div><\/div>\n","protected":false},"excerpt":{"rendered":"<p>Approche Projets de Dispositifs M\u00e9dicaux Services<\/p>\n","protected":false},"author":1,"featured_media":0,"parent":0,"menu_order":0,"comment_status":"closed","ping_status":"closed","template":"template-full-custom.php","meta":{"footnotes":""},"class_list":["post-423","page","type-page","status-publish","hentry"],"aioseo_notices":[],"_links":{"self":[{"href":"http:\/\/www.bpath.eu\/fr\/wp-json\/wp\/v2\/pages\/423","targetHints":{"allow":["GET"]}}],"collection":[{"href":"http:\/\/www.bpath.eu\/fr\/wp-json\/wp\/v2\/pages"}],"about":[{"href":"http:\/\/www.bpath.eu\/fr\/wp-json\/wp\/v2\/types\/page"}],"author":[{"embeddable":true,"href":"http:\/\/www.bpath.eu\/fr\/wp-json\/wp\/v2\/users\/1"}],"replies":[{"embeddable":true,"href":"http:\/\/www.bpath.eu\/fr\/wp-json\/wp\/v2\/comments?post=423"}],"version-history":[{"count":15,"href":"http:\/\/www.bpath.eu\/fr\/wp-json\/wp\/v2\/pages\/423\/revisions"}],"predecessor-version":[{"id":1346,"href":"http:\/\/www.bpath.eu\/fr\/wp-json\/wp\/v2\/pages\/423\/revisions\/1346"}],"wp:attachment":[{"href":"http:\/\/www.bpath.eu\/fr\/wp-json\/wp\/v2\/media?parent=423"}],"curies":[{"name":"wp","href":"https:\/\/api.w.org\/{rel}","templated":true}]}}